{"id":12,"date":"2022-11-26T12:23:53","date_gmt":"2022-11-26T15:23:53","guid":{"rendered":"http:\/\/mydwalls.com.br\/?page_id=12"},"modified":"2022-11-26T14:18:14","modified_gmt":"2022-11-26T17:18:14","slug":"gestao-de-planos-de-saude","status":"publish","type":"page","link":"https:\/\/mydwalls.com.br\/","title":{"rendered":"Home"},"content":{"rendered":"\t\t<div data-elementor-type=\"wp-post\" data-elementor-id=\"12\" class=\"elementor elementor-12\">\n\t\t\t\t\t\t\t<div class=\"elementor-element elementor-element-ba034e7 e-con-boxed e-con\" data-id=\"ba034e7\" data-element_type=\"container\" data-settings=\"{&quot;background_background&quot;:&quot;classic&quot;,&quot;position&quot;:&quot;fixed&quot;,&quot;content_width&quot;:&quot;boxed&quot;}\">\n\t\t\t\t\t<div class=\"e-con-inner\">\n\t\t\t\t<div class=\"elementor-element elementor-element-a9d95cb elementor-widget elementor-widget-image\" data-id=\"a9d95cb\" data-element_type=\"widget\" data-widget_type=\"image.default\">\n\t\t\t\t<div class=\"elementor-widget-container\">\n\t\t\t<style>\/*! elementor - v3.8.1 - 13-11-2022 *\/\n.elementor-widget-image{text-align:center}.elementor-widget-image a{display:inline-block}.elementor-widget-image a img[src$=\".svg\"]{width:48px}.elementor-widget-image img{vertical-align:middle;display:inline-block}<\/style>\t\t\t\t\t\t\t\t\t\t\t\t<img decoding=\"async\" width=\"800\" height=\"152\" src=\"https:\/\/mydwalls.com.br\/wp-content\/uploads\/2022\/11\/Logo_Mydwalls3593-1024x194.png\" class=\"attachment-large size-large\" alt=\"\" loading=\"lazy\" srcset=\"https:\/\/mydwalls.com.br\/wp-content\/uploads\/2022\/11\/Logo_Mydwalls3593-1024x194.png 1024w, https:\/\/mydwalls.com.br\/wp-content\/uploads\/2022\/11\/Logo_Mydwalls3593-300x57.png 300w, https:\/\/mydwalls.com.br\/wp-content\/uploads\/2022\/11\/Logo_Mydwalls3593-768x145.png 768w, https:\/\/mydwalls.com.br\/wp-content\/uploads\/2022\/11\/Logo_Mydwalls3593-1536x291.png 1536w, https:\/\/mydwalls.com.br\/wp-content\/uploads\/2022\/11\/Logo_Mydwalls3593.png 2018w\" sizes=\"(max-width: 800px) 100vw, 800px\" \/>\t\t\t\t\t\t\t\t\t\t\t\t\t\t\t<\/div>\n\t\t\t\t<\/div>\n\t\t\t\t\t<\/div>\n\t\t\t\t<\/div>\n\t\t<div class=\"elementor-element elementor-element-4ae24ae e-con-boxed e-con\" data-id=\"4ae24ae\" data-element_type=\"container\" data-settings=\"{&quot;background_background&quot;:&quot;classic&quot;,&quot;position&quot;:&quot;fixed&quot;,&quot;content_width&quot;:&quot;boxed&quot;}\">\n\t\t\t\t\t<div class=\"e-con-inner\">\n\t\t\t\t<div class=\"elementor-element elementor-element-616f906 elementor-align-center elementor-icon-list--layout-traditional elementor-list-item-link-full_width elementor-widget elementor-widget-icon-list\" data-id=\"616f906\" data-element_type=\"widget\" data-widget_type=\"icon-list.default\">\n\t\t\t\t<div class=\"elementor-widget-container\">\n\t\t\t<link rel=\"stylesheet\" href=\"https:\/\/mydwalls.com.br\/wp-content\/plugins\/elementor\/assets\/css\/widget-icon-list.min.css\">\t\t<ul class=\"elementor-icon-list-items\">\n\t\t\t\t\t\t\t<li class=\"elementor-icon-list-item\">\n\t\t\t\t\t\t\t\t\t\t\t<a href=\"mailto:eduardo@mydwalls.com.br\">\n\n\t\t\t\t\t\t\t\t\t\t\t\t<span class=\"elementor-icon-list-icon\">\n\t\t\t\t\t\t\t<i aria-hidden=\"true\" class=\"fas fa-envelope\"><\/i>\t\t\t\t\t\t<\/span>\n\t\t\t\t\t\t\t\t\t\t<span class=\"elementor-icon-list-text\"><\/span>\n\t\t\t\t\t\t\t\t\t\t\t<\/a>\n\t\t\t\t\t\t\t\t\t<\/li>\n\t\t\t\t\t\t<\/ul>\n\t\t\t\t<\/div>\n\t\t\t\t<\/div>\n\t\t\t\t\t<\/div>\n\t\t\t\t<\/div>\n\t\t\t\t\t\t\t<\/div>\n\t\t","protected":false},"excerpt":{"rendered":"","protected":false},"author":1,"featured_media":61,"parent":0,"menu_order":0,"comment_status":"closed","ping_status":"closed","template":"elementor_canvas","meta":[],"yoast_head":"<!-- This site is optimized with the Yoast SEO plugin v19.10 - https:\/\/yoast.com\/wordpress\/plugins\/seo\/ -->\n<title>Mydwalls - Gest\u00e3o de Planos de Sa\u00fade<\/title>\n<meta name=\"description\" content=\"Empresa especializada em Gest\u00e3o de Planos de Sa\u00fade, Solu\u00e7\u00f5es em Sa\u00fade com Telemedicina, Assinatura Mensal de Medicamentos e Suporte Atuarial\" \/>\n<meta name=\"robots\" content=\"index, follow, max-snippet:-1, max-image-preview:large, max-video-preview:-1\" \/>\n<link rel=\"canonical\" href=\"https:\/\/mydwalls.com.br\/\" \/>\n<meta property=\"og:locale\" content=\"pt_BR\" \/>\n<meta property=\"og:type\" content=\"article\" \/>\n<meta property=\"og:title\" content=\"Mydwalls - Gest\u00e3o de Planos de Sa\u00fade\" \/>\n<meta property=\"og:description\" content=\"Empresa especializada em Gest\u00e3o de Planos de Sa\u00fade, Solu\u00e7\u00f5es em Sa\u00fade com Telemedicina, Assinatura Mensal de Medicamentos e Suporte Atuarial\" \/>\n<meta property=\"og:url\" content=\"https:\/\/mydwalls.com.br\/\" \/>\n<meta property=\"og:site_name\" content=\"Mydwalls\" \/>\n<meta property=\"article:modified_time\" content=\"2022-11-26T17:18:14+00:00\" \/>\n<meta property=\"og:image\" content=\"http:\/\/mydwalls.com.br\/wp-content\/uploads\/2022\/11\/Logo-mydwalls-site.png\" \/>\n\t<meta property=\"og:image:width\" content=\"1080\" \/>\n\t<meta property=\"og:image:height\" content=\"1080\" \/>\n\t<meta property=\"og:image:type\" content=\"image\/png\" \/>\n<meta name=\"twitter:card\" content=\"summary_large_image\" \/>\n<meta name=\"twitter:label1\" content=\"Est. tempo de leitura\" \/>\n\t<meta name=\"twitter:data1\" content=\"1 minuto\" \/>\n<script type=\"application\/ld+json\" class=\"yoast-schema-graph\">{\"@context\":\"https:\/\/schema.org\",\"@graph\":[{\"@type\":\"WebPage\",\"@id\":\"https:\/\/mydwalls.com.br\/\",\"url\":\"https:\/\/mydwalls.com.br\/\",\"name\":\"Mydwalls - Gest\u00e3o de Planos de Sa\u00fade\",\"isPartOf\":{\"@id\":\"https:\/\/mydwalls.com.br\/#website\"},\"datePublished\":\"2022-11-26T15:23:53+00:00\",\"dateModified\":\"2022-11-26T17:18:14+00:00\",\"description\":\"Empresa especializada em Gest\u00e3o de Planos de Sa\u00fade, Solu\u00e7\u00f5es em Sa\u00fade com Telemedicina, Assinatura Mensal de Medicamentos e Suporte Atuarial\",\"breadcrumb\":{\"@id\":\"https:\/\/mydwalls.com.br\/#breadcrumb\"},\"inLanguage\":\"pt-BR\",\"potentialAction\":[{\"@type\":\"ReadAction\",\"target\":[\"https:\/\/mydwalls.com.br\/\"]}]},{\"@type\":\"BreadcrumbList\",\"@id\":\"https:\/\/mydwalls.com.br\/#breadcrumb\",\"itemListElement\":[{\"@type\":\"ListItem\",\"position\":1,\"name\":\"In\u00edcio\",\"item\":\"https:\/\/mydwalls.com.br\/\"},{\"@type\":\"ListItem\",\"position\":2,\"name\":\"Home\"}]},{\"@type\":\"WebSite\",\"@id\":\"https:\/\/mydwalls.com.br\/#website\",\"url\":\"https:\/\/mydwalls.com.br\/\",\"name\":\"Mydwalls\",\"description\":\"\",\"publisher\":{\"@id\":\"https:\/\/mydwalls.com.br\/#organization\"},\"potentialAction\":[{\"@type\":\"SearchAction\",\"target\":{\"@type\":\"EntryPoint\",\"urlTemplate\":\"https:\/\/mydwalls.com.br\/?s={search_term_string}\"},\"query-input\":\"required name=search_term_string\"}],\"inLanguage\":\"pt-BR\"},{\"@type\":\"Organization\",\"@id\":\"https:\/\/mydwalls.com.br\/#organization\",\"name\":\"Mydwalls\",\"url\":\"https:\/\/mydwalls.com.br\/\",\"logo\":{\"@type\":\"ImageObject\",\"inLanguage\":\"pt-BR\",\"@id\":\"https:\/\/mydwalls.com.br\/#\/schema\/logo\/image\/\",\"url\":\"https:\/\/mydwalls.com.br\/wp-content\/uploads\/2022\/11\/Logo-mydwalls-site.png\",\"contentUrl\":\"https:\/\/mydwalls.com.br\/wp-content\/uploads\/2022\/11\/Logo-mydwalls-site.png\",\"width\":1080,\"height\":1080,\"caption\":\"Mydwalls\"},\"image\":{\"@id\":\"https:\/\/mydwalls.com.br\/#\/schema\/logo\/image\/\"}}]}<\/script>\n<!-- \/ Yoast SEO plugin. -->","yoast_head_json":{"title":"Mydwalls - Gest\u00e3o de Planos de Sa\u00fade","description":"Empresa especializada em Gest\u00e3o de Planos de Sa\u00fade, Solu\u00e7\u00f5es em Sa\u00fade com Telemedicina, Assinatura Mensal de Medicamentos e Suporte Atuarial","robots":{"index":"index","follow":"follow","max-snippet":"max-snippet:-1","max-image-preview":"max-image-preview:large","max-video-preview":"max-video-preview:-1"},"canonical":"https:\/\/mydwalls.com.br\/","og_locale":"pt_BR","og_type":"article","og_title":"Mydwalls - Gest\u00e3o de Planos de Sa\u00fade","og_description":"Empresa especializada em Gest\u00e3o de Planos de Sa\u00fade, Solu\u00e7\u00f5es em Sa\u00fade com Telemedicina, Assinatura Mensal de Medicamentos e Suporte Atuarial","og_url":"https:\/\/mydwalls.com.br\/","og_site_name":"Mydwalls","article_modified_time":"2022-11-26T17:18:14+00:00","og_image":[{"width":1080,"height":1080,"url":"http:\/\/mydwalls.com.br\/wp-content\/uploads\/2022\/11\/Logo-mydwalls-site.png","type":"image\/png"}],"twitter_card":"summary_large_image","twitter_misc":{"Est. tempo de leitura":"1 minuto"},"schema":{"@context":"https:\/\/schema.org","@graph":[{"@type":"WebPage","@id":"https:\/\/mydwalls.com.br\/","url":"https:\/\/mydwalls.com.br\/","name":"Mydwalls - Gest\u00e3o de Planos de Sa\u00fade","isPartOf":{"@id":"https:\/\/mydwalls.com.br\/#website"},"datePublished":"2022-11-26T15:23:53+00:00","dateModified":"2022-11-26T17:18:14+00:00","description":"Empresa especializada em Gest\u00e3o de Planos de Sa\u00fade, Solu\u00e7\u00f5es em Sa\u00fade com Telemedicina, Assinatura Mensal de Medicamentos e Suporte Atuarial","breadcrumb":{"@id":"https:\/\/mydwalls.com.br\/#breadcrumb"},"inLanguage":"pt-BR","potentialAction":[{"@type":"ReadAction","target":["https:\/\/mydwalls.com.br\/"]}]},{"@type":"BreadcrumbList","@id":"https:\/\/mydwalls.com.br\/#breadcrumb","itemListElement":[{"@type":"ListItem","position":1,"name":"In\u00edcio","item":"https:\/\/mydwalls.com.br\/"},{"@type":"ListItem","position":2,"name":"Home"}]},{"@type":"WebSite","@id":"https:\/\/mydwalls.com.br\/#website","url":"https:\/\/mydwalls.com.br\/","name":"Mydwalls","description":"","publisher":{"@id":"https:\/\/mydwalls.com.br\/#organization"},"potentialAction":[{"@type":"SearchAction","target":{"@type":"EntryPoint","urlTemplate":"https:\/\/mydwalls.com.br\/?s={search_term_string}"},"query-input":"required name=search_term_string"}],"inLanguage":"pt-BR"},{"@type":"Organization","@id":"https:\/\/mydwalls.com.br\/#organization","name":"Mydwalls","url":"https:\/\/mydwalls.com.br\/","logo":{"@type":"ImageObject","inLanguage":"pt-BR","@id":"https:\/\/mydwalls.com.br\/#\/schema\/logo\/image\/","url":"https:\/\/mydwalls.com.br\/wp-content\/uploads\/2022\/11\/Logo-mydwalls-site.png","contentUrl":"https:\/\/mydwalls.com.br\/wp-content\/uploads\/2022\/11\/Logo-mydwalls-site.png","width":1080,"height":1080,"caption":"Mydwalls"},"image":{"@id":"https:\/\/mydwalls.com.br\/#\/schema\/logo\/image\/"}}]}},"_links":{"self":[{"href":"https:\/\/mydwalls.com.br\/index.php\/wp-json\/wp\/v2\/pages\/12"}],"collection":[{"href":"https:\/\/mydwalls.com.br\/index.php\/wp-json\/wp\/v2\/pages"}],"about":[{"href":"https:\/\/mydwalls.com.br\/index.php\/wp-json\/wp\/v2\/types\/page"}],"author":[{"embeddable":true,"href":"https:\/\/mydwalls.com.br\/index.php\/wp-json\/wp\/v2\/users\/1"}],"replies":[{"embeddable":true,"href":"https:\/\/mydwalls.com.br\/index.php\/wp-json\/wp\/v2\/comments?post=12"}],"version-history":[{"count":7,"href":"https:\/\/mydwalls.com.br\/index.php\/wp-json\/wp\/v2\/pages\/12\/revisions"}],"predecessor-version":[{"id":80,"href":"https:\/\/mydwalls.com.br\/index.php\/wp-json\/wp\/v2\/pages\/12\/revisions\/80"}],"wp:featuredmedia":[{"embeddable":true,"href":"https:\/\/mydwalls.com.br\/index.php\/wp-json\/wp\/v2\/media\/61"}],"wp:attachment":[{"href":"https:\/\/mydwalls.com.br\/index.php\/wp-json\/wp\/v2\/media?parent=12"}],"curies":[{"name":"wp","href":"https:\/\/api.w.org\/{rel}","templated":true}]}}